{"id":1978,"date":"2025-09-11T14:21:50","date_gmt":"2025-09-11T12:21:50","guid":{"rendered":"https:\/\/100.dev.rimfrostdigital.se\/?post_type=product&#038;p=1978"},"modified":"2025-12-21T12:42:50","modified_gmt":"2025-12-21T11:42:50","slug":"alu-25-d","status":"publish","type":"product","link":"https:\/\/www.liftup.se\/sv\/product\/alu-25-d\/","title":{"rendered":"ALU 25 D"},"content":{"rendered":"<p>Tillverkad av aluminium. Det finns \u00e4ven exempel d\u00e4r de har tillverkats av st\u00e5l f\u00f6r specifika applikationer.<\/p>\n","protected":false},"featured_media":1953,"template":"","meta":{"_acf_changed":false,"footnotes":""},"product-category":[],"class_list":["post-1978","product","type-product","status-publish","has-post-thumbnail","hentry"],"acf":[],"_links":{"self":[{"href":"https:\/\/www.liftup.se\/sv\/wp-json\/wp\/v2\/product\/1978","targetHints":{"allow":["GET"]}}],"collection":[{"href":"https:\/\/www.liftup.se\/sv\/wp-json\/wp\/v2\/product"}],"about":[{"href":"https:\/\/www.liftup.se\/sv\/wp-json\/wp\/v2\/types\/product"}],"version-history":[{"count":1,"href":"https:\/\/www.liftup.se\/sv\/wp-json\/wp\/v2\/product\/1978\/revisions"}],"predecessor-version":[{"id":2126,"href":"https:\/\/www.liftup.se\/sv\/wp-json\/wp\/v2\/product\/1978\/revisions\/2126"}],"wp:featuredmedia":[{"embeddable":true,"href":"https:\/\/www.liftup.se\/sv\/wp-json\/wp\/v2\/media\/1953"}],"wp:attachment":[{"href":"https:\/\/www.liftup.se\/sv\/wp-json\/wp\/v2\/media?parent=1978"}],"wp:term":[{"taxonomy":"product-category","embeddable":true,"href":"https:\/\/www.liftup.se\/sv\/wp-json\/wp\/v2\/product-category?post=1978"}],"curies":[{"name":"wp","href":"https:\/\/api.w.org\/{rel}","templated":true}]}}