{"id":1981,"date":"2025-09-11T14:18:05","date_gmt":"2025-09-11T12:18:05","guid":{"rendered":"https:\/\/100.dev.rimfrostdigital.se\/product\/180-d\/"},"modified":"2025-09-11T14:18:05","modified_gmt":"2025-09-11T14:18:05","slug":"180-d","status":"publish","type":"product","link":"https:\/\/www.liftup.se\/sv\/product\/180-d\/","title":{"rendered":"180 D"},"content":{"rendered":"<p>Tillverkad av gjutj\u00e4rn och armox (pansarpl\u00e5t), men kan \u00e4ven produceras i andra material vid behov.<\/p>\n<p>Maximal luckh\u00f6jd 700 mm<\/p>\n","protected":false},"featured_media":1932,"template":"","meta":{"_acf_changed":false,"footnotes":""},"product-category":[],"class_list":["post-1981","product","type-product","status-publish","has-post-thumbnail","hentry"],"acf":[],"_links":{"self":[{"href":"https:\/\/www.liftup.se\/sv\/wp-json\/wp\/v2\/product\/1981","targetHints":{"allow":["GET"]}}],"collection":[{"href":"https:\/\/www.liftup.se\/sv\/wp-json\/wp\/v2\/product"}],"about":[{"href":"https:\/\/www.liftup.se\/sv\/wp-json\/wp\/v2\/types\/product"}],"version-history":[{"count":0,"href":"https:\/\/www.liftup.se\/sv\/wp-json\/wp\/v2\/product\/1981\/revisions"}],"wp:featuredmedia":[{"embeddable":true,"href":"https:\/\/www.liftup.se\/sv\/wp-json\/wp\/v2\/media\/1932"}],"wp:attachment":[{"href":"https:\/\/www.liftup.se\/sv\/wp-json\/wp\/v2\/media?parent=1981"}],"wp:term":[{"taxonomy":"product-category","embeddable":true,"href":"https:\/\/www.liftup.se\/sv\/wp-json\/wp\/v2\/product-category?post=1981"}],"curies":[{"name":"wp","href":"https:\/\/api.w.org\/{rel}","templated":true}]}}