{"id":1989,"date":"2025-09-11T14:05:23","date_gmt":"2025-09-11T12:05:23","guid":{"rendered":"https:\/\/100.dev.rimfrostdigital.se\/product\/360-e\/"},"modified":"2025-09-11T14:05:23","modified_gmt":"2025-09-11T14:05:23","slug":"360-e","status":"publish","type":"product","link":"https:\/\/www.liftup.se\/sv\/product\/360-e\/","title":{"rendered":"360 E"},"content":{"rendered":"<p>Tillverkad av gjutj\u00e4rn och armox (pansarpl\u00e5t), men kan \u00e4ven tillverkas i andra material vid behov.<\/p>\n","protected":false},"featured_media":1972,"template":"","meta":{"_acf_changed":false,"footnotes":""},"product-category":[],"class_list":["post-1989","product","type-product","status-publish","has-post-thumbnail","hentry"],"acf":[],"_links":{"self":[{"href":"https:\/\/www.liftup.se\/sv\/wp-json\/wp\/v2\/product\/1989","targetHints":{"allow":["GET"]}}],"collection":[{"href":"https:\/\/www.liftup.se\/sv\/wp-json\/wp\/v2\/product"}],"about":[{"href":"https:\/\/www.liftup.se\/sv\/wp-json\/wp\/v2\/types\/product"}],"version-history":[{"count":0,"href":"https:\/\/www.liftup.se\/sv\/wp-json\/wp\/v2\/product\/1989\/revisions"}],"wp:featuredmedia":[{"embeddable":true,"href":"https:\/\/www.liftup.se\/sv\/wp-json\/wp\/v2\/media\/1972"}],"wp:attachment":[{"href":"https:\/\/www.liftup.se\/sv\/wp-json\/wp\/v2\/media?parent=1989"}],"wp:term":[{"taxonomy":"product-category","embeddable":true,"href":"https:\/\/www.liftup.se\/sv\/wp-json\/wp\/v2\/product-category?post=1989"}],"curies":[{"name":"wp","href":"https:\/\/api.w.org\/{rel}","templated":true}]}}